{"id":63,"date":"2023-11-29T19:32:20","date_gmt":"2023-11-29T18:32:20","guid":{"rendered":"https:\/\/scrapbooking.corsica\/?page_id=63"},"modified":"2024-02-04T10:52:07","modified_gmt":"2024-02-04T09:52:07","slug":"videotheque","status":"publish","type":"page","link":"https:\/\/scrapbooking.corsica\/index.php\/videotheque\/","title":{"rendered":"Vid\u00e9oth\u00e8que"},"content":{"rendered":"\n<figure class=\"wp-block-video\"><video height=\"1080\" style=\"aspect-ratio: 1920 \/ 1080;\" width=\"1920\" controls src=\"http:\/\/scrapbooking.corsica\/wp-content\/uploads\/2023\/11\/IMG_0706.mov\"><\/video><\/figure>\n\n\n\n<p>Cr\u00e9ation d&rsquo;un album photo avec plusieurs pages de photos. Scrapbooking r\u00e9alis\u00e9e en corse par Christine, animatrice AZZA.<\/p>\n","protected":false},"excerpt":{"rendered":"<p>Cr\u00e9ation d&rsquo;un album photo avec plusieurs pages de photos. Scrapbooking r\u00e9alis\u00e9e en corse par Christine, animatrice AZZA.<\/p>\n","protected":false},"author":1,"featured_media":157,"parent":0,"menu_order":0,"comment_status":"closed","ping_status":"closed","template":"","meta":{"footnotes":""},"class_list":["post-63","page","type-page","status-publish","has-post-thumbnail","hentry"],"aioseo_notices":[],"_links":{"self":[{"href":"https:\/\/scrapbooking.corsica\/index.php\/wp-json\/wp\/v2\/pages\/63","targetHints":{"allow":["GET"]}}],"collection":[{"href":"https:\/\/scrapbooking.corsica\/index.php\/wp-json\/wp\/v2\/pages"}],"about":[{"href":"https:\/\/scrapbooking.corsica\/index.php\/wp-json\/wp\/v2\/types\/page"}],"author":[{"embeddable":true,"href":"https:\/\/scrapbooking.corsica\/index.php\/wp-json\/wp\/v2\/users\/1"}],"replies":[{"embeddable":true,"href":"https:\/\/scrapbooking.corsica\/index.php\/wp-json\/wp\/v2\/comments?post=63"}],"version-history":[{"count":3,"href":"https:\/\/scrapbooking.corsica\/index.php\/wp-json\/wp\/v2\/pages\/63\/revisions"}],"predecessor-version":[{"id":159,"href":"https:\/\/scrapbooking.corsica\/index.php\/wp-json\/wp\/v2\/pages\/63\/revisions\/159"}],"wp:featuredmedia":[{"embeddable":true,"href":"https:\/\/scrapbooking.corsica\/index.php\/wp-json\/wp\/v2\/media\/157"}],"wp:attachment":[{"href":"https:\/\/scrapbooking.corsica\/index.php\/wp-json\/wp\/v2\/media?parent=63"}],"curies":[{"name":"wp","href":"https:\/\/api.w.org\/{rel}","templated":true}]}}