{"id":75,"date":"2023-11-29T19:32:58","date_gmt":"2023-11-29T18:32:58","guid":{"rendered":"https:\/\/scrapbooking.corsica\/?page_id=75"},"modified":"2024-03-09T19:56:37","modified_gmt":"2024-03-09T18:56:37","slug":"le-scrapbooking","status":"publish","type":"page","link":"https:\/\/scrapbooking.corsica\/index.php\/le-scrapbooking\/","title":{"rendered":"Le Scrapbooking"},"content":{"rendered":"\n<p>D\u00e9finition :&nbsp;<strong>Le scrapbooking est une discipline qui consiste \u00e0 rassembler des photos et d&rsquo;autres souvenirs dans un album sp\u00e9cial<\/strong>. Les albums sont souvent utilis\u00e9s pour relater des \u00e9v\u00e9nements ou des p\u00e9riodes importantes de la vie d&rsquo;une personne, comme un mariage, la naissance d&rsquo;un enfant ou des vacances en famille. Il existe 2 styles de scrapbooking : l&rsquo;Am\u00e9ricain (beaucoup de travail de d\u00e9cors, peu de photos) et l&rsquo;europ\u00e9en (qui pr\u00e9f\u00e8re mettre en \u00e9vidence les photos avec un d\u00e9cors plus \u00e9pur\u00e9).<\/p>\n\n\n\n<p><strong>Pourquoi faire du Scrapbooking<\/strong> : Le scrapbooking constitue une v\u00e9ritable toile o\u00f9 vous pouvez exprimer vos \u00e9motions de mani\u00e8re artistique et personnelle. Chaque page que vous cr\u00e9ez devient une expression visuelle de vos sentiments, que ce soit la joie, la tristesse, l&rsquo;amour ou l&rsquo;excitation. Le scrapbooking donne vie \u00e0 vos photos qui dorment dans votre t\u00e9l\u00e9phone ou Pc. Vous pouvez le faire aussi bien pour offrir un souvenir ou pour vous personnellement.<\/p>\n\n\n\n<p><strong>Qui a invent\u00e9 le Scrapbooking ?<\/strong> En 1980, la mormone&nbsp;<strong>Marielen Christiansen<\/strong>&nbsp;publie le premier ouvrage moderne de scrapbooking : \u00ab\u00a0Keeping Memories Alive\u00a0\u00bb<\/p>\n\n\n\n<figure class=\"wp-block-image size-full\"><img loading=\"lazy\" decoding=\"async\" width=\"640\" height=\"360\" src=\"http:\/\/scrapbooking.corsica\/wp-content\/uploads\/2024\/03\/IMG_7393.jpg\" alt=\"\" class=\"wp-image-215\" srcset=\"https:\/\/scrapbooking.corsica\/wp-content\/uploads\/2024\/03\/IMG_7393.jpg 640w, https:\/\/scrapbooking.corsica\/wp-content\/uploads\/2024\/03\/IMG_7393-300x169.jpg 300w, https:\/\/scrapbooking.corsica\/wp-content\/uploads\/2024\/03\/IMG_7393-107x60.jpg 107w\" sizes=\"auto, (max-width: 640px) 100vw, 640px\" \/><\/figure>\n\n\n\n<h2 class=\"wp-block-heading\">QUEL MAT\u00c9RIEL POUR FAIRE DU SCRAPBOOKING EUROPEEN ?<\/h2>\n\n\n\n<ul class=\"wp-block-list\">\n<li>Le format habituel d&rsquo;une page de scrapbooking est de 30 x 30 cm.&nbsp;<br>Toutefois, tous les formats de page et d&rsquo;album sont autoris\u00e9s au gr\u00e9 de l&rsquo;imagination et du mat\u00e9riel \u00e0 la disposition de chacun.<\/li>\n\n\n\n<li>Une page comporte g\u00e9n\u00e9ralement une ou plusieurs photos avec possibilit\u00e9 d&rsquo;ajouter du texte.<\/li>\n<\/ul>\n\n\n\n<p>Voici une&nbsp;<strong>liste de mat\u00e9riel sp\u00e9cial scrapbooking<\/strong>&nbsp;dont vous pourriez avoir besoin pour d\u00e9buter votre album :<\/p>\n\n\n\n<ul class=\"wp-block-list\">\n<li>Une paire de ciseaux<\/li>\n\n\n\n<li>Du papier<\/li>\n\n\n\n<li>Des tampons<\/li>\n\n\n\n<li>De l&rsquo;encre<\/li>\n\n\n\n<li>Des perforatrices<\/li>\n\n\n\n<li>Du washi tape<\/li>\n\n\n\n<li>Des outils d&#8217;embossage<\/li>\n\n\n\n<li>Un album<\/li>\n\n\n\n<li>De la colle<\/li>\n\n\n\n<li>Crayon Aquarellable<\/li>\n\n\n\n<li>Page 30\/30<\/li>\n\n\n\n<li>Feutre, crayon craie<\/li>\n\n\n\n<li>Encre \u00e0 alcool<\/li>\n\n\n\n<li>Pate \u00e0 texturer<\/li>\n<\/ul>\n\n\n\n<p>Le scrapbooking est \u00e0 la fois un loisir cr\u00e9atif, une forme d&rsquo;art d\u00e9coratif, et l&rsquo;occasion de coucher sur le papier, au travers des photos et des commentaires, l&rsquo;histoire d&rsquo;une famille.<br>Mariage, bapt\u00eame, vacances, toutes les raisons sont bonnes pour r\u00e9aliser un album en scrapbooking.<br>Utilisez du mat\u00e9riel neuf ou de r\u00e9cup l&rsquo;id\u00e9e ici est de laisser parler votre cr\u00e9ativit\u00e9.<br>Faites de vos&nbsp;<strong>livres photos<\/strong>&nbsp;une oeuvre d&rsquo;art !&nbsp;<br>Servez-vous de tout ce qui vous passe sous la main pour d\u00e9corer votre album.<br>Feuilles m\u00e9tallis\u00e9es, figurines dentelles, sayn\u00e8tes  etc&#8230; dans l&rsquo;art du scrapbooking tout est autoris\u00e9 alors pourquoi s&rsquo;en priver ?<\/p>\n","protected":false},"excerpt":{"rendered":"<p>D\u00e9finition :&nbsp;Le scrapbooking est une discipline qui consiste \u00e0 rassembler des photos et d&rsquo;autres souvenirs dans un album sp\u00e9cial. Les albums sont souvent utilis\u00e9s pour &hellip; <\/p>\n","protected":false},"author":1,"featured_media":180,"parent":0,"menu_order":0,"comment_status":"closed","ping_status":"closed","template":"","meta":{"footnotes":""},"class_list":["post-75","page","type-page","status-publish","has-post-thumbnail","hentry"],"aioseo_notices":[],"_links":{"self":[{"href":"https:\/\/scrapbooking.corsica\/index.php\/wp-json\/wp\/v2\/pages\/75","targetHints":{"allow":["GET"]}}],"collection":[{"href":"https:\/\/scrapbooking.corsica\/index.php\/wp-json\/wp\/v2\/pages"}],"about":[{"href":"https:\/\/scrapbooking.corsica\/index.php\/wp-json\/wp\/v2\/types\/page"}],"author":[{"embeddable":true,"href":"https:\/\/scrapbooking.corsica\/index.php\/wp-json\/wp\/v2\/users\/1"}],"replies":[{"embeddable":true,"href":"https:\/\/scrapbooking.corsica\/index.php\/wp-json\/wp\/v2\/comments?post=75"}],"version-history":[{"count":5,"href":"https:\/\/scrapbooking.corsica\/index.php\/wp-json\/wp\/v2\/pages\/75\/revisions"}],"predecessor-version":[{"id":218,"href":"https:\/\/scrapbooking.corsica\/index.php\/wp-json\/wp\/v2\/pages\/75\/revisions\/218"}],"wp:featuredmedia":[{"embeddable":true,"href":"https:\/\/scrapbooking.corsica\/index.php\/wp-json\/wp\/v2\/media\/180"}],"wp:attachment":[{"href":"https:\/\/scrapbooking.corsica\/index.php\/wp-json\/wp\/v2\/media?parent=75"}],"curies":[{"name":"wp","href":"https:\/\/api.w.org\/{rel}","templated":true}]}}